{"id":31,"date":"2025-02-21T14:05:14","date_gmt":"2025-02-21T13:05:14","guid":{"rendered":"https:\/\/juwax.pl\/?page_id=31"},"modified":"2025-03-05T13:16:07","modified_gmt":"2025-03-05T12:16:07","slug":"oferta","status":"publish","type":"page","link":"https:\/\/juwax.pl\/?page_id=31","title":{"rendered":"Oferta"},"content":{"rendered":"\n<p><strong>Z r\u00f3\u017cnych rodzaj\u00f3w tektury<\/strong><\/p>\n\n\n\n<p>R\u00f3\u017cne przeznaczenie opakowa\u0144 wymaga doboru odpowiedniej tektury.<\/p>\n\n\n\n<p>W zale\u017cno\u015bci od produktu kt\u00f3ry ma by\u0107 zapakowany, w jaki spos\u00f3b przechowywany i transportowany mo\u017cna dobra\u0107 r\u00f3\u017cne rodzaje tektury.<\/p>\n\n\n\n<p>tektura lita<\/p>\n\n\n\n<p>tektura dwuwarstwowa<\/p>\n\n\n\n<p>mikrofala (F, E, EF, EE)<\/p>\n\n\n\n<p>3 warstwowa (B, C)<\/p>\n\n\n\n<p>5 lub 7 warstwowa (EB, BC)<\/p>\n\n\n\n<p>Ka\u017cda z powy\u017cszych tektur wyst\u0119puje w podstawowych kolorach:<\/p>\n\n\n\n<p>obustronnie szara, bia\u0142o-szara i obustronnie bia\u0142a.<\/p>\n\n\n\n<p><strong>Z nadrukiem lub bez<\/strong><\/p>\n\n\n\n<p>W zale\u017cno\u015bci od efektu jaki chcemy uzyska\u0107 stosujemy r\u00f3\u017cne techniki druku:<\/p>\n\n\n\n<p>fleksografi\u0119<\/p>\n\n\n\n<p>offset<\/p>\n\n\n\n<p>sitodruk<\/p>\n\n\n\n<p>kaszerowanie<\/p>\n\n\n\n<p>mo\u017cemy drukowa\u0107 w pe\u0142nej gamie barw i w bardzo wysokiej jako\u015bci.<\/p>\n\n\n\n<p>Stosujemy wy\u0142\u0105cznie ekologiczne farby.<\/p>\n\n\n\n<p><strong>R\u00f3\u017cne rodzaje opakowa\u0144<\/strong><\/p>\n\n\n\n<p>Wykonujemy:<\/p>\n\n\n\n<p>kartony klapowe<\/p>\n\n\n\n<p>kartony fasonowe (z wykrojnika) zobacz katalog FEFCO<\/p>\n\n\n\n<p>przek\u0142adki paletowe, foliowane<\/p>\n\n\n\n<p>kratownice<\/p>\n\n\n\n<p>palety kartonowe<\/p>\n\n\n\n<p>Wyr\u00f3\u017cnia nas niska cena indywidualnych wykrojnik\u00f3w.<\/p>\n","protected":false},"excerpt":{"rendered":"<p>Z r\u00f3\u017cnych rodzaj\u00f3w tektury R\u00f3\u017cne przeznaczenie opakowa\u0144 wymaga doboru odpowiedniej tektury. W zale\u017cno\u015bci od produktu kt\u00f3ry ma by\u0107 zapakowany, w jaki spos\u00f3b przechowywany i transportowany mo\u017cna dobra\u0107 r\u00f3\u017cne rodzaje tektury. tektura lita tektura dwuwarstwowa mikrofala (F, E, EF, EE) 3 warstwowa (B, C) 5 lub 7 warstwowa (EB, BC) Ka\u017cda z powy\u017cszych tektur wyst\u0119puje w [&hellip;]<\/p>\n","protected":false},"author":1,"featured_media":0,"parent":0,"menu_order":0,"comment_status":"closed","ping_status":"closed","template":"","meta":{"footnotes":""},"class_list":["post-31","page","type-page","status-publish","hentry"],"_links":{"self":[{"href":"https:\/\/juwax.pl\/index.php?rest_route=\/wp\/v2\/pages\/31","targetHints":{"allow":["GET"]}}],"collection":[{"href":"https:\/\/juwax.pl\/index.php?rest_route=\/wp\/v2\/pages"}],"about":[{"href":"https:\/\/juwax.pl\/index.php?rest_route=\/wp\/v2\/types\/page"}],"author":[{"embeddable":true,"href":"https:\/\/juwax.pl\/index.php?rest_route=\/wp\/v2\/users\/1"}],"replies":[{"embeddable":true,"href":"https:\/\/juwax.pl\/index.php?rest_route=%2Fwp%2Fv2%2Fcomments&post=31"}],"version-history":[{"count":4,"href":"https:\/\/juwax.pl\/index.php?rest_route=\/wp\/v2\/pages\/31\/revisions"}],"predecessor-version":[{"id":123,"href":"https:\/\/juwax.pl\/index.php?rest_route=\/wp\/v2\/pages\/31\/revisions\/123"}],"wp:attachment":[{"href":"https:\/\/juwax.pl\/index.php?rest_route=%2Fwp%2Fv2%2Fmedia&parent=31"}],"curies":[{"name":"wp","href":"https:\/\/api.w.org\/{rel}","templated":true}]}}