{"id":39,"date":"2025-02-21T14:07:24","date_gmt":"2025-02-21T13:07:24","guid":{"rendered":"https:\/\/juwax.pl\/?page_id=39"},"modified":"2025-03-01T02:52:29","modified_gmt":"2025-03-01T01:52:29","slug":"rodzaje","status":"publish","type":"page","link":"https:\/\/juwax.pl\/?page_id=39","title":{"rendered":"Rodzaje"},"content":{"rendered":"\n<h2 class=\"wp-block-heading\">Rodzaje Karton\u00f3w<\/h2>\n\n\n\n<div class=\"wp-block-group is-layout-grid wp-container-core-group-is-layout-bae6891b wp-block-group-is-layout-grid\">\n<figure class=\"wp-block-image size-full wp-container-content-98e6c26e\"><img loading=\"lazy\" decoding=\"async\" width=\"667\" height=\"709\" src=\"http:\/\/juwax.pl\/wp-content\/uploads\/2025\/03\/klapowy.webp\" alt=\"\" class=\"wp-image-91\" style=\"aspect-ratio:4\/3;object-fit:cover\" srcset=\"https:\/\/juwax.pl\/wp-content\/uploads\/2025\/03\/klapowy.webp 667w, https:\/\/juwax.pl\/wp-content\/uploads\/2025\/03\/klapowy-282x300.webp 282w\" sizes=\"auto, (max-width: 667px) 100vw, 667px\" \/><\/figure>\n\n\n\n<figure class=\"wp-block-image size-full wp-container-content-98e6c26e\"><img loading=\"lazy\" decoding=\"async\" width=\"666\" height=\"522\" src=\"https:\/\/juwax.pl\/wp-content\/uploads\/2025\/03\/f427.png\" alt=\"\" class=\"wp-image-101\" style=\"aspect-ratio:4\/3;object-fit:cover\" srcset=\"https:\/\/juwax.pl\/wp-content\/uploads\/2025\/03\/f427.png 666w, https:\/\/juwax.pl\/wp-content\/uploads\/2025\/03\/f427-300x235.png 300w\" sizes=\"auto, (max-width: 666px) 100vw, 666px\" \/><\/figure>\n<\/div>\n\n\n\n<div class=\"wp-block-columns is-layout-flex wp-container-core-columns-is-layout-28f84493 wp-block-columns-is-layout-flex\">\n<div class=\"wp-block-column is-layout-flow wp-block-column-is-layout-flow\" style=\"flex-basis:100%\">\n<div class=\"wp-block-group has-global-padding is-layout-constrained wp-block-group-is-layout-constrained\">\n<div class=\"wp-block-columns is-layout-flex wp-container-core-columns-is-layout-28f84493 wp-block-columns-is-layout-flex\">\n<div class=\"wp-block-column is-layout-flow wp-block-column-is-layout-flow\" style=\"flex-basis:100%\">\n<div class=\"wp-block-columns is-layout-flex wp-container-core-columns-is-layout-28f84493 wp-block-columns-is-layout-flex\">\n<div class=\"wp-block-column is-layout-flow wp-block-column-is-layout-flow\" style=\"flex-basis:100%\">\n<div class=\"wp-block-columns is-layout-flex wp-container-core-columns-is-layout-28f84493 wp-block-columns-is-layout-flex\">\n<div class=\"wp-block-column is-layout-flow wp-block-column-is-layout-flow\">\n<p><strong>Kartony Klapowe<\/strong> <\/p>\n<\/div>\n\n\n\n<div class=\"wp-block-column is-layout-flow wp-block-column-is-layout-flow\">\n<p><strong>Kartony fasonowe (z wykrojnika)<\/strong><\/p>\n<\/div>\n<\/div>\n<\/div>\n<\/div>\n<\/div>\n<\/div>\n<\/div>\n<\/div>\n<\/div>\n\n\n\n<div class=\"wp-block-group has-global-padding is-layout-constrained wp-block-group-is-layout-constrained\">\n<div class=\"wp-block-group has-global-padding is-layout-constrained wp-block-group-is-layout-constrained\">\n<div class=\"wp-block-columns is-layout-flex wp-container-core-columns-is-layout-28f84493 wp-block-columns-is-layout-flex\">\n<div class=\"wp-block-column is-layout-flow wp-block-column-is-layout-flow\">\n<p>Najbardziej standardowe rodzaje pude\u0142 kartonowych. S\u0105 najta\u0144sze i najszybsze w produkcji. Idealne opakowania do szybkich wysy\u0142ek.<\/p>\n<\/div>\n\n\n\n<div class=\"wp-block-column is-layout-flow wp-block-column-is-layout-flow\">\n<p>Opakowania o wyrafinowanych kszta\u0142tach w wymaganych wymiarach, sposobie sk\u0142adania i otwierania, z otworami i r\u0105czkami. W wyborze odpowiedniego rodzaju mo\u017cna si\u0119 wspom\u00f3c katalogiem FEFCO. <\/p>\n<\/div>\n<\/div>\n<\/div>\n<\/div>\n\n\n\n<div class=\"wp-block-group is-layout-grid wp-container-core-group-is-layout-bae6891b wp-block-group-is-layout-grid\">\n<figure class=\"wp-block-image size-full\"><img loading=\"lazy\" decoding=\"async\" width=\"500\" height=\"500\" src=\"https:\/\/juwax.pl\/wp-content\/uploads\/2025\/03\/kartow.jpg\" alt=\"\" class=\"wp-image-102\" style=\"aspect-ratio:4\/3;object-fit:cover\" srcset=\"https:\/\/juwax.pl\/wp-content\/uploads\/2025\/03\/kartow.jpg 500w, https:\/\/juwax.pl\/wp-content\/uploads\/2025\/03\/kartow-300x300.jpg 300w, https:\/\/juwax.pl\/wp-content\/uploads\/2025\/03\/kartow-150x150.jpg 150w\" sizes=\"auto, (max-width: 500px) 100vw, 500px\" \/><\/figure>\n\n\n\n<figure class=\"wp-block-image size-full\"><img loading=\"lazy\" decoding=\"async\" width=\"384\" height=\"349\" src=\"https:\/\/juwax.pl\/wp-content\/uploads\/2025\/03\/foliowe.webp\" alt=\"\" class=\"wp-image-103\" style=\"aspect-ratio:4\/3;object-fit:cover\" srcset=\"https:\/\/juwax.pl\/wp-content\/uploads\/2025\/03\/foliowe.webp 384w, https:\/\/juwax.pl\/wp-content\/uploads\/2025\/03\/foliowe-300x273.webp 300w\" sizes=\"auto, (max-width: 384px) 100vw, 384px\" \/><\/figure>\n<\/div>\n\n\n\n<div class=\"wp-block-columns is-layout-flex wp-container-core-columns-is-layout-28f84493 wp-block-columns-is-layout-flex\">\n<div class=\"wp-block-column is-layout-flow wp-block-column-is-layout-flow\">\n<p><strong>Wk\u0142adki owijki i kratownice<\/strong> <\/p>\n\n\n\n<p>Elementy wype\u0142niaj\u0105ce i wzmacniaj\u0105ce opakowanie. G\u0142\u00f3wnie u\u017cywane do izolacji i ochrony produktu.<\/p>\n<\/div>\n\n\n\n<div class=\"wp-block-column is-layout-flow wp-block-column-is-layout-flow\">\n<p><strong>Przek\u0142adki foliowe<\/strong><\/p>\n\n\n\n<p>Tektura pokryta jednostronnie foli\u0105 co powoduje ca\u0142kowit\u0105 odporno\u015b\u0107 na wod\u0119.<\/p>\n<\/div>\n<\/div>\n","protected":false},"excerpt":{"rendered":"<p>Rodzaje Karton\u00f3w Kartony Klapowe Kartony fasonowe (z wykrojnika) Najbardziej standardowe rodzaje pude\u0142 kartonowych. S\u0105 najta\u0144sze i najszybsze w produkcji. Idealne opakowania do szybkich wysy\u0142ek. Opakowania o wyrafinowanych kszta\u0142tach w wymaganych wymiarach, sposobie sk\u0142adania i otwierania, z otworami i r\u0105czkami. W wyborze odpowiedniego rodzaju mo\u017cna si\u0119 wspom\u00f3c katalogiem FEFCO. Wk\u0142adki owijki i kratownice Elementy wype\u0142niaj\u0105ce i [&hellip;]<\/p>\n","protected":false},"author":1,"featured_media":0,"parent":0,"menu_order":0,"comment_status":"closed","ping_status":"closed","template":"template-no-title","meta":{"footnotes":""},"class_list":["post-39","page","type-page","status-publish","hentry"],"_links":{"self":[{"href":"https:\/\/juwax.pl\/index.php?rest_route=\/wp\/v2\/pages\/39","targetHints":{"allow":["GET"]}}],"collection":[{"href":"https:\/\/juwax.pl\/index.php?rest_route=\/wp\/v2\/pages"}],"about":[{"href":"https:\/\/juwax.pl\/index.php?rest_route=\/wp\/v2\/types\/page"}],"author":[{"embeddable":true,"href":"https:\/\/juwax.pl\/index.php?rest_route=\/wp\/v2\/users\/1"}],"replies":[{"embeddable":true,"href":"https:\/\/juwax.pl\/index.php?rest_route=%2Fwp%2Fv2%2Fcomments&post=39"}],"version-history":[{"count":8,"href":"https:\/\/juwax.pl\/index.php?rest_route=\/wp\/v2\/pages\/39\/revisions"}],"predecessor-version":[{"id":105,"href":"https:\/\/juwax.pl\/index.php?rest_route=\/wp\/v2\/pages\/39\/revisions\/105"}],"wp:attachment":[{"href":"https:\/\/juwax.pl\/index.php?rest_route=%2Fwp%2Fv2%2Fmedia&parent=39"}],"curies":[{"name":"wp","href":"https:\/\/api.w.org\/{rel}","templated":true}]}}